{"id":841,"date":"2020-12-28T08:34:13","date_gmt":"2020-12-28T08:34:13","guid":{"rendered":"https:\/\/www.developercookies.net\/?page_id=841"},"modified":"2020-12-28T09:28:58","modified_gmt":"2020-12-28T09:28:58","slug":"privacy-policy","status":"publish","type":"page","link":"https:\/\/www.developercookies.net\/de\/privacy-policy\/","title":{"rendered":"Hinweise zum Datenschutz"},"content":{"rendered":"<div data-elementor-type=\"wp-page\" data-elementor-id=\"841\" class=\"elementor elementor-841\" data-elementor-post-type=\"page\">\n\t\t\t\t\t\t<section class=\"elementor-section elementor-top-section elementor-element elementor-element-13a2348 elementor-section-content-bottom elementor-section-boxed elementor-section-height-default elementor-section-height-default\" data-id=\"13a2348\" data-element_type=\"section\" data-e-type=\"section\">\n\t\t\t\t\t\t<div class=\"elementor-container elementor-column-gap-default\">\n\t\t\t\t\t<div class=\"elementor-column elementor-col-100 elementor-top-column elementor-element elementor-element-344f322\" data-id=\"344f322\" data-element_type=\"column\" data-e-type=\"column\">\n\t\t\t<div class=\"elementor-widget-wrap elementor-element-populated\">\n\t\t\t\t\t\t<section class=\"elementor-section elementor-inner-section elementor-element elementor-element-4af52ca elementor-section-height-min-height elementor-section-content-bottom elementor-section-boxed elementor-section-height-default\" data-id=\"4af52ca\" data-element_type=\"section\" data-e-type=\"section\" data-settings=\"{&quot;background_background&quot;:&quot;classic&quot;}\">\n\t\t\t\t\t\t\t<div class=\"elementor-background-overlay\"><\/div>\n\t\t\t\t\t\t\t<div class=\"elementor-container elementor-column-gap-default\">\n\t\t\t\t\t<div class=\"elementor-column elementor-col-100 elementor-inner-column elementor-element elementor-element-b82d39f\" data-id=\"b82d39f\" data-element_type=\"column\" data-e-type=\"column\">\n\t\t\t<div class=\"elementor-widget-wrap elementor-element-populated\">\n\t\t\t\t\t\t\t<\/div>\n\t\t<\/div>\n\t\t\t\t\t<\/div>\n\t\t<\/section>\n\t\t\t\t\t<\/div>\n\t\t<\/div>\n\t\t\t\t\t<\/div>\n\t\t<\/section>\n\t\t\t\t<section class=\"elementor-section elementor-top-section elementor-element elementor-element-28cdb696 elementor-section-boxed elementor-section-height-default elementor-section-height-default\" data-id=\"28cdb696\" data-element_type=\"section\" data-e-type=\"section\">\n\t\t\t\t\t\t<div class=\"elementor-container elementor-column-gap-default\">\n\t\t\t\t\t<div class=\"elementor-column elementor-col-100 elementor-top-column elementor-element elementor-element-15f54873\" data-id=\"15f54873\" data-element_type=\"column\" data-e-type=\"column\">\n\t\t\t<div class=\"elementor-widget-wrap elementor-element-populated\">\n\t\t\t\t\t\t<div class=\"elementor-element elementor-element-244c70ef elementor-widget elementor-widget-text-editor\" data-id=\"244c70ef\" data-element_type=\"widget\" data-e-type=\"widget\" data-widget_type=\"text-editor.default\">\n\t\t\t\t<div class=\"elementor-widget-container\">\n\t\t\t\t\t\t\t\t\t<h2>Datenschutzrichtlinie f\u00fcr Developer Cookies Blog<\/h2><p>Bei Developer Cookies Blog, erreichbar unter www.developercookies.net, ist eine unserer Hauptpriorit\u00e4ten der Schutz der Privatsph\u00e4re unserer Besucher. Diese Datenschutzrichtlinie enth\u00e4lt die Arten von Informationen, die von Developer Cookies Blog gesammelt und aufgezeichnet werden, und wie wir sie verwenden.<\/p><h2>Log-Dateien<\/h2><p>Developer Cookies Blog verwendet standardm\u00e4ssig Protokolldateien. Diese Dateien protokollieren die Besucher, wenn sie Websites besuchen. Alle Hosting-Firmen tun dies und es ist ein Teil der Analytik der Hosting-Dienste. Die von den Protokolldateien gesammelten Informationen umfassen Internetprotokolladressen (IP), Browsertyp, Internetdienstanbieter (ISP), Datums- und Zeitstempel, Verweis- und Ausgangsseiten und m\u00f6glicherweise die Anzahl der Klicks. Diese werden nicht mit Informationen verkn\u00fcpft, die pers\u00f6nlich identifizierbar sind. Der Zweck dieser Informationen ist die Analyse von Trends, die Verwaltung der Website, die Verfolgung der Bewegungen der Benutzer auf der Website und die Erfassung demografischer Informationen.<\/p><h2>Cookies und Webbeacons<\/h2><p>Wie jede andere Website auch, verwendet Developer Cookies Blog 'Cookies'. Diese Cookies werden verwendet, um Informationen zu speichern, einschlie\u00dflich der Pr\u00e4ferenzen der Besucher und der Seiten auf der Website, die der Besucher aufgerufen oder besucht hat. Diese Informationen werden verwendet, um die Erfahrung des Benutzers zu optimieren, indem wir den Inhalt unserer Webseite basierend auf dem Browsertyp des Besuchers und\/oder anderen Informationen anpassen.<\/p><p class=\"translation-block\">F\u00fcr weitere allgemeine Informationen \u00fcber Cookies lesen Sie bitte \"Was sind Cookies\" von Cookie Consent.<\/p><h2>Google DoubleClick DART Cookie<\/h2><p>Google ist einer der Drittanbieter auf unserer Website. Diese Unternehmung verwendet auch Cookies, so genannte DART-Cookies, um Anzeigen f\u00fcr unsere Website-Besucher zu schalten, die auf deren Besuch auf www.website.com und anderen Websites im Internet basieren. Besucher k\u00f6nnen jedoch die Verwendung von DART-Cookies ablehnen, indem sie die Datenschutzbestimmungen des Google-Anzeigen- und Content-Werbenetzwerks unter der folgenden URL aufrufen - <a href=\"https:\/\/policies.google.com\/technologies\/ads\" target=\"_blank\" rel=\"noopener\">https:\/\/policies.google.com\/technologies\/ads<\/a><\/p><h2>Unsere Werbepartner<\/h2><p>Einige der Werbepartner auf unserer Website k\u00f6nnen Cookies und Webbeacons verwenden. Unsere Werbepartner sind unten aufgef\u00fchrt. Jeder unserer Werbepartner hat seine eigenen Datenschutzrichtlinien f\u00fcr den Umgang mit Nutzerdaten. Um den Zugang zu erleichtern, haben wir unten einen Hyperlink zu den Datenschutzrichtlinien gesetzt.<\/p><ul><li>Google<br \/><a href=\"https:\/\/policies.google.com\/technologies\/ads\" target=\"_blank\" rel=\"noopener\">https:\/\/policies.google.com\/technologies\/ads<\/a><\/li><\/ul><h2>Datenschutzrichtlinien<\/h2><p>Sie k\u00f6nnen diese Liste konsultieren, um die Datenschutzrichtlinien f\u00fcr jeden der Werbepartner von Developer Cookies Blog zu finden.<\/p><p>Werbeserver oder Werbenetzwerke von Drittanbietern verwenden Technologien wie Cookies, JavaScript oder Web Beacons, die in ihren jeweiligen Anzeigen und Links, die auf Developer Cookies Blog erscheinen, verwendet werden und direkt an den Browser der Nutzer gesendet werden. Dabei erhalten sie automatisch Ihre IP-Adresse. Diese Technologien werden verwendet, um die Effektivit\u00e4t ihrer Werbekampagnen zu messen und\/oder um die Werbeinhalte zu personalisieren, die sie auf den von Ihnen besuchten Websites sehen.<\/p><p>Beachten sie, dass Developer Cookies Blog keinen Zugriff auf oder Kontrolle \u00fcber diese Cookies hat, die von Drittanbietern verwendet werden.<\/p><h2>Datenschutzrichtlinien von Drittanbietern<\/h2><p>Die Datenschutzrichtlinien von Developer Cookies Blog gelten nicht f\u00fcr andere Werbetreibende oder Websites. Wir raten Ihnen daher, die jeweiligen Datenschutzrichtlinien dieser Werbeserver Dritter zu konsultieren, um genauere Informationen zu erhalten. Diese k\u00f6nnen deren Praktiken und Anweisungen dar\u00fcber enthalten, wie sie bestimmte Optionen deaktivieren k\u00f6nnen.<\/p><p>Sie k\u00f6nnen Cookies \u00fcber Ihre individuellen Browser-Optionen deaktivieren. Ausf\u00fchrlichere Informationen zur Cookie-Verwaltung mit bestimmten Webbrowsern finden Sie auf den jeweiligen Websites der Browser. Was sind Cookies?<\/p><h2>Kinderschutz<\/h2><p>Ein weiterer Teil unserer Priorit\u00e4t ist der zus\u00e4tzliche Schutz von Kindern bei der Nutzung des Internets. Wir ermutigen Eltern und Erziehungsberechtigte, ihre Online-Aktivit\u00e4ten zu beobachten, sich daran zu beteiligen und\/oder sie zu \u00fcberwachen und anzuleiten.<\/p><p>Developer Cookies Blog sammelt wissentlich keine pers\u00f6nlichen Daten von Kindern unter 13 Jahren. Wenn Sie glauben, dass Ihr Kind diese Art von Daten auf unserer Website angegeben hat, bitten wir sie dringend, uns sofort zu kontaktieren, und wir werden unser Bestes tun, um solche Daten umgehend aus unseren Unterlagen zu entfernen.<\/p><h2>Ausschliesslicher Anwendungsbereich Datenschutzrichtline<\/h2><p>Diese Datenschutzrichtlinie bezieht sich nur auf unsere Online-Aktivit\u00e4ten und gilt f\u00fcr Besucher unserer Website in Bezug auf die Informationen, die sie im Developer Cookies Blog mitgeteilt und\/oder gesammelt haben. Diese Richtlinie ist nicht anwendbar auf Informationen, die offline oder \u00fcber andere Kan\u00e4le als diese Website gesammelt werden.<\/p><h2>Einverst\u00e4ndnis<\/h2><p>Durch die Nutzung unserer Website erkl\u00e4ren sie sich mit unserer Datenschutzrichtlinie einverstanden und stimmen deren Bedingungen zu.<\/p>\t\t\t\t\t\t\t\t<\/div>\n\t\t\t\t<\/div>\n\t\t\t\t\t<\/div>\n\t\t<\/div>\n\t\t\t\t\t<\/div>\n\t\t<\/section>\n\t\t\t\t<\/div>","protected":false},"excerpt":{"rendered":"<p>Privacy Policy for Developer Cookies Blog At Developer Cookies Blog, accessible from www.developercookies.net, one of our main priorities is the privacy of our visitors. This Privacy Policy document contains types of information that is collected and recorded by Developer Cookies Blog and how we use it. Log Files Developer Cookies Blog follows a standard procedure [&hellip;]<\/p>\n","protected":false},"author":1,"featured_media":846,"parent":0,"menu_order":0,"comment_status":"closed","ping_status":"closed","template":"elementor_header_footer","meta":{"site-sidebar-layout":"no-sidebar","site-content-layout":"page-builder","ast-site-content-layout":"default","site-content-style":"default","site-sidebar-style":"default","ast-global-header-display":"","ast-banner-title-visibility":"","ast-main-header-display":"","ast-hfb-above-header-display":"","ast-hfb-below-header-display":"","ast-hfb-mobile-header-display":"","site-post-title":"","ast-breadcrumbs-content":"","ast-featured-img":"","footer-sml-layout":"","ast-disable-related-posts":"","theme-transparent-header-meta":"default","adv-header-id-meta":"","stick-header-meta":"","header-above-stick-meta":"","header-main-stick-meta":"","header-below-stick-meta":"","astra-migrate-meta-layouts":"default","ast-page-background-enabled":"default","ast-page-background-meta":{"desktop":{"background-color":"","background-image":"","background-repeat":"repeat","background-position":"center center","background-size":"auto","background-attachment":"scroll","background-type":"","background-media":"","overlay-type":"","overlay-color":"","overlay-opacity":"","overlay-gradient":""},"tablet":{"background-color":"","background-image":"","background-repeat":"repeat","background-position":"center center","background-size":"auto","background-attachment":"scroll","background-type":"","background-media":"","overlay-type":"","overlay-color":"","overlay-opacity":"","overlay-gradient":""},"mobile":{"background-color":"","background-image":"","background-repeat":"repeat","background-position":"center center","background-size":"auto","background-attachment":"scroll","background-type":"","background-media":"","overlay-type":"","overlay-color":"","overlay-opacity":"","overlay-gradient":""}},"ast-content-background-meta":{"desktop":{"background-color":"var(--ast-global-color-5)","background-image":"","background-repeat":"repeat","background-position":"center center","background-size":"auto","background-attachment":"scroll","background-type":"","background-media":"","overlay-type":"","overlay-color":"","overlay-opacity":"","overlay-gradient":""},"tablet":{"background-color":"var(--ast-global-color-5)","background-image":"","background-repeat":"repeat","background-position":"center center","background-size":"auto","background-attachment":"scroll","background-type":"","background-media":"","overlay-type":"","overlay-color":"","overlay-opacity":"","overlay-gradient":""},"mobile":{"background-color":"var(--ast-global-color-5)","background-image":"","background-repeat":"repeat","background-position":"center center","background-size":"auto","background-attachment":"scroll","background-type":"","background-media":"","overlay-type":"","overlay-color":"","overlay-opacity":"","overlay-gradient":""}},"ngg_post_thumbnail":0,"footnotes":""},"class_list":["post-841","page","type-page","status-publish","has-post-thumbnail","hentry"],"yoast_head":"<!-- This site is optimized with the Yoast SEO plugin v27.5 - https:\/\/yoast.com\/product\/yoast-seo-wordpress\/ -->\n<title>Privacy Policy - Developer Cookies Blog<\/title>\n<meta name=\"robots\" content=\"index, follow, max-snippet:-1, max-image-preview:large, max-video-preview:-1\" \/>\n<link rel=\"canonical\" href=\"https:\/\/www.developercookies.net\/de\/privacy-policy\/\" \/>\n<meta property=\"og:locale\" content=\"de_DE\" \/>\n<meta property=\"og:type\" content=\"article\" \/>\n<meta property=\"og:title\" content=\"Privacy Policy - Developer Cookies Blog\" \/>\n<meta property=\"og:description\" content=\"Privacy Policy for Developer Cookies Blog At Developer Cookies Blog, accessible from www.developercookies.net, one of our main priorities is the privacy of our visitors. This Privacy Policy document contains types of information that is collected and recorded by Developer Cookies Blog and how we use it. Log Files Developer Cookies Blog follows a standard procedure [&hellip;]\" \/>\n<meta property=\"og:url\" content=\"https:\/\/www.developercookies.net\/de\/privacy-policy\/\" \/>\n<meta property=\"og:site_name\" content=\"Developer Cookies Blog\" \/>\n<meta property=\"article:modified_time\" content=\"2020-12-28T09:28:58+00:00\" \/>\n<meta property=\"og:image\" content=\"https:\/\/www.developercookies.net\/wp-content\/uploads\/2020\/12\/login-1203603_1280.png\" \/>\n\t<meta property=\"og:image:width\" content=\"1280\" \/>\n\t<meta property=\"og:image:height\" content=\"720\" \/>\n\t<meta property=\"og:image:type\" content=\"image\/png\" \/>\n<meta name=\"twitter:card\" content=\"summary_large_image\" \/>\n<meta name=\"twitter:label1\" content=\"Gesch\u00e4tzte Lesezeit\" \/>\n\t<meta name=\"twitter:data1\" content=\"3\u00a0Minuten\" \/>\n<script type=\"application\/ld+json\" class=\"yoast-schema-graph\">{\"@context\":\"https:\\\/\\\/schema.org\",\"@graph\":[{\"@type\":\"WebPage\",\"@id\":\"https:\\\/\\\/www.developercookies.net\\\/privacy-policy\\\/\",\"url\":\"https:\\\/\\\/www.developercookies.net\\\/privacy-policy\\\/\",\"name\":\"Privacy Policy - Developer Cookies Blog\",\"isPartOf\":{\"@id\":\"https:\\\/\\\/www.developercookies.net\\\/#website\"},\"primaryImageOfPage\":{\"@id\":\"https:\\\/\\\/www.developercookies.net\\\/privacy-policy\\\/#primaryimage\"},\"image\":{\"@id\":\"https:\\\/\\\/www.developercookies.net\\\/privacy-policy\\\/#primaryimage\"},\"thumbnailUrl\":\"https:\\\/\\\/www.developercookies.net\\\/wp-content\\\/uploads\\\/2020\\\/12\\\/login-1203603_1280.png\",\"datePublished\":\"2020-12-28T08:34:13+00:00\",\"dateModified\":\"2020-12-28T09:28:58+00:00\",\"breadcrumb\":{\"@id\":\"https:\\\/\\\/www.developercookies.net\\\/privacy-policy\\\/#breadcrumb\"},\"inLanguage\":\"de\",\"potentialAction\":[{\"@type\":\"ReadAction\",\"target\":[\"https:\\\/\\\/www.developercookies.net\\\/privacy-policy\\\/\"]}]},{\"@type\":\"ImageObject\",\"inLanguage\":\"de\",\"@id\":\"https:\\\/\\\/www.developercookies.net\\\/privacy-policy\\\/#primaryimage\",\"url\":\"https:\\\/\\\/www.developercookies.net\\\/wp-content\\\/uploads\\\/2020\\\/12\\\/login-1203603_1280.png\",\"contentUrl\":\"https:\\\/\\\/www.developercookies.net\\\/wp-content\\\/uploads\\\/2020\\\/12\\\/login-1203603_1280.png\",\"width\":1280,\"height\":720},{\"@type\":\"BreadcrumbList\",\"@id\":\"https:\\\/\\\/www.developercookies.net\\\/privacy-policy\\\/#breadcrumb\",\"itemListElement\":[{\"@type\":\"ListItem\",\"position\":1,\"name\":\"Home\",\"item\":\"https:\\\/\\\/www.developercookies.net\\\/\"},{\"@type\":\"ListItem\",\"position\":2,\"name\":\"Privacy Policy\"}]},{\"@type\":\"WebSite\",\"@id\":\"https:\\\/\\\/www.developercookies.net\\\/#website\",\"url\":\"https:\\\/\\\/www.developercookies.net\\\/\",\"name\":\"Developer Cookies Blog\",\"description\":\"Recipes and tutorials for developers\",\"publisher\":{\"@id\":\"https:\\\/\\\/www.developercookies.net\\\/#\\\/schema\\\/person\\\/3ebc9e2aff87c249f1085b36ffd91613\"},\"potentialAction\":[{\"@type\":\"SearchAction\",\"target\":{\"@type\":\"EntryPoint\",\"urlTemplate\":\"https:\\\/\\\/www.developercookies.net\\\/?s={search_term_string}\"},\"query-input\":{\"@type\":\"PropertyValueSpecification\",\"valueRequired\":true,\"valueName\":\"search_term_string\"}}],\"inLanguage\":\"de\"},{\"@type\":[\"Person\",\"Organization\"],\"@id\":\"https:\\\/\\\/www.developercookies.net\\\/#\\\/schema\\\/person\\\/3ebc9e2aff87c249f1085b36ffd91613\",\"name\":\"Peter\",\"image\":{\"@type\":\"ImageObject\",\"inLanguage\":\"de\",\"@id\":\"https:\\\/\\\/secure.gravatar.com\\\/avatar\\\/8eec59bcecb6c1083084fcd3d11551d8c4451902fb594f87782fbda27fe8bd08?s=96&d=mm&r=g\",\"url\":\"https:\\\/\\\/secure.gravatar.com\\\/avatar\\\/8eec59bcecb6c1083084fcd3d11551d8c4451902fb594f87782fbda27fe8bd08?s=96&d=mm&r=g\",\"contentUrl\":\"https:\\\/\\\/secure.gravatar.com\\\/avatar\\\/8eec59bcecb6c1083084fcd3d11551d8c4451902fb594f87782fbda27fe8bd08?s=96&d=mm&r=g\",\"caption\":\"Peter\"},\"logo\":{\"@id\":\"https:\\\/\\\/secure.gravatar.com\\\/avatar\\\/8eec59bcecb6c1083084fcd3d11551d8c4451902fb594f87782fbda27fe8bd08?s=96&d=mm&r=g\"}}]}<\/script>\n<!-- \/ Yoast SEO plugin. -->","yoast_head_json":{"title":"Privacy Policy - Developer Cookies Blog","robots":{"index":"index","follow":"follow","max-snippet":"max-snippet:-1","max-image-preview":"max-image-preview:large","max-video-preview":"max-video-preview:-1"},"canonical":"https:\/\/www.developercookies.net\/de\/privacy-policy\/","og_locale":"de_DE","og_type":"article","og_title":"Privacy Policy - Developer Cookies Blog","og_description":"Privacy Policy for Developer Cookies Blog At Developer Cookies Blog, accessible from www.developercookies.net, one of our main priorities is the privacy of our visitors. This Privacy Policy document contains types of information that is collected and recorded by Developer Cookies Blog and how we use it. Log Files Developer Cookies Blog follows a standard procedure [&hellip;]","og_url":"https:\/\/www.developercookies.net\/de\/privacy-policy\/","og_site_name":"Developer Cookies Blog","article_modified_time":"2020-12-28T09:28:58+00:00","og_image":[{"width":1280,"height":720,"url":"https:\/\/www.developercookies.net\/wp-content\/uploads\/2020\/12\/login-1203603_1280.png","type":"image\/png"}],"twitter_card":"summary_large_image","twitter_misc":{"Gesch\u00e4tzte Lesezeit":"3\u00a0Minuten"},"schema":{"@context":"https:\/\/schema.org","@graph":[{"@type":"WebPage","@id":"https:\/\/www.developercookies.net\/privacy-policy\/","url":"https:\/\/www.developercookies.net\/privacy-policy\/","name":"Privacy Policy - Developer Cookies Blog","isPartOf":{"@id":"https:\/\/www.developercookies.net\/#website"},"primaryImageOfPage":{"@id":"https:\/\/www.developercookies.net\/privacy-policy\/#primaryimage"},"image":{"@id":"https:\/\/www.developercookies.net\/privacy-policy\/#primaryimage"},"thumbnailUrl":"https:\/\/www.developercookies.net\/wp-content\/uploads\/2020\/12\/login-1203603_1280.png","datePublished":"2020-12-28T08:34:13+00:00","dateModified":"2020-12-28T09:28:58+00:00","breadcrumb":{"@id":"https:\/\/www.developercookies.net\/privacy-policy\/#breadcrumb"},"inLanguage":"de","potentialAction":[{"@type":"ReadAction","target":["https:\/\/www.developercookies.net\/privacy-policy\/"]}]},{"@type":"ImageObject","inLanguage":"de","@id":"https:\/\/www.developercookies.net\/privacy-policy\/#primaryimage","url":"https:\/\/www.developercookies.net\/wp-content\/uploads\/2020\/12\/login-1203603_1280.png","contentUrl":"https:\/\/www.developercookies.net\/wp-content\/uploads\/2020\/12\/login-1203603_1280.png","width":1280,"height":720},{"@type":"BreadcrumbList","@id":"https:\/\/www.developercookies.net\/privacy-policy\/#breadcrumb","itemListElement":[{"@type":"ListItem","position":1,"name":"Home","item":"https:\/\/www.developercookies.net\/"},{"@type":"ListItem","position":2,"name":"Privacy Policy"}]},{"@type":"WebSite","@id":"https:\/\/www.developercookies.net\/#website","url":"https:\/\/www.developercookies.net\/","name":"Developer Cookies Blog","description":"Recipes and tutorials for developers","publisher":{"@id":"https:\/\/www.developercookies.net\/#\/schema\/person\/3ebc9e2aff87c249f1085b36ffd91613"},"potentialAction":[{"@type":"SearchAction","target":{"@type":"EntryPoint","urlTemplate":"https:\/\/www.developercookies.net\/?s={search_term_string}"},"query-input":{"@type":"PropertyValueSpecification","valueRequired":true,"valueName":"search_term_string"}}],"inLanguage":"de"},{"@type":["Person","Organization"],"@id":"https:\/\/www.developercookies.net\/#\/schema\/person\/3ebc9e2aff87c249f1085b36ffd91613","name":"Peter","image":{"@type":"ImageObject","inLanguage":"de","@id":"https:\/\/secure.gravatar.com\/avatar\/8eec59bcecb6c1083084fcd3d11551d8c4451902fb594f87782fbda27fe8bd08?s=96&d=mm&r=g","url":"https:\/\/secure.gravatar.com\/avatar\/8eec59bcecb6c1083084fcd3d11551d8c4451902fb594f87782fbda27fe8bd08?s=96&d=mm&r=g","contentUrl":"https:\/\/secure.gravatar.com\/avatar\/8eec59bcecb6c1083084fcd3d11551d8c4451902fb594f87782fbda27fe8bd08?s=96&d=mm&r=g","caption":"Peter"},"logo":{"@id":"https:\/\/secure.gravatar.com\/avatar\/8eec59bcecb6c1083084fcd3d11551d8c4451902fb594f87782fbda27fe8bd08?s=96&d=mm&r=g"}}]}},"_links":{"self":[{"href":"https:\/\/www.developercookies.net\/de\/wp-json\/wp\/v2\/pages\/841","targetHints":{"allow":["GET"]}}],"collection":[{"href":"https:\/\/www.developercookies.net\/de\/wp-json\/wp\/v2\/pages"}],"about":[{"href":"https:\/\/www.developercookies.net\/de\/wp-json\/wp\/v2\/types\/page"}],"author":[{"embeddable":true,"href":"https:\/\/www.developercookies.net\/de\/wp-json\/wp\/v2\/users\/1"}],"replies":[{"embeddable":true,"href":"https:\/\/www.developercookies.net\/de\/wp-json\/wp\/v2\/comments?post=841"}],"version-history":[{"count":26,"href":"https:\/\/www.developercookies.net\/de\/wp-json\/wp\/v2\/pages\/841\/revisions"}],"predecessor-version":[{"id":884,"href":"https:\/\/www.developercookies.net\/de\/wp-json\/wp\/v2\/pages\/841\/revisions\/884"}],"wp:featuredmedia":[{"embeddable":true,"href":"https:\/\/www.developercookies.net\/de\/wp-json\/wp\/v2\/media\/846"}],"wp:attachment":[{"href":"https:\/\/www.developercookies.net\/de\/wp-json\/wp\/v2\/media?parent=841"}],"curies":[{"name":"wp","href":"https:\/\/api.w.org\/{rel}","templated":true}]}}