{"id":864,"date":"2020-12-28T09:07:51","date_gmt":"2020-12-28T09:07:51","guid":{"rendered":"https:\/\/www.developercookies.net\/?page_id=864"},"modified":"2020-12-28T09:34:54","modified_gmt":"2020-12-28T09:34:54","slug":"disclaimer","status":"publish","type":"page","link":"https:\/\/www.developercookies.net\/de\/disclaimer\/","title":{"rendered":"Haftungsausschluss"},"content":{"rendered":"<div data-elementor-type=\"wp-page\" data-elementor-id=\"864\" class=\"elementor elementor-864\" data-elementor-post-type=\"page\">\n\t\t\t\t\t\t<section class=\"elementor-section elementor-top-section elementor-element elementor-element-13a2348 elementor-section-content-bottom elementor-section-boxed elementor-section-height-default elementor-section-height-default\" data-id=\"13a2348\" data-element_type=\"section\" data-e-type=\"section\">\n\t\t\t\t\t\t<div class=\"elementor-container elementor-column-gap-default\">\n\t\t\t\t\t<div class=\"elementor-column elementor-col-100 elementor-top-column elementor-element elementor-element-344f322\" data-id=\"344f322\" data-element_type=\"column\" data-e-type=\"column\">\n\t\t\t<div class=\"elementor-widget-wrap elementor-element-populated\">\n\t\t\t\t\t\t<section class=\"elementor-section elementor-inner-section elementor-element elementor-element-4af52ca elementor-section-height-min-height elementor-section-content-bottom elementor-section-boxed elementor-section-height-default\" data-id=\"4af52ca\" data-element_type=\"section\" data-e-type=\"section\" data-settings=\"{&quot;background_background&quot;:&quot;classic&quot;}\">\n\t\t\t\t\t\t\t<div class=\"elementor-background-overlay\"><\/div>\n\t\t\t\t\t\t\t<div class=\"elementor-container elementor-column-gap-default\">\n\t\t\t\t\t<div class=\"elementor-column elementor-col-100 elementor-inner-column elementor-element elementor-element-b82d39f\" data-id=\"b82d39f\" data-element_type=\"column\" data-e-type=\"column\">\n\t\t\t<div class=\"elementor-widget-wrap elementor-element-populated\">\n\t\t\t\t\t\t\t<\/div>\n\t\t<\/div>\n\t\t\t\t\t<\/div>\n\t\t<\/section>\n\t\t\t\t\t<\/div>\n\t\t<\/div>\n\t\t\t\t\t<\/div>\n\t\t<\/section>\n\t\t\t\t<section class=\"elementor-section elementor-top-section elementor-element elementor-element-28cdb696 elementor-section-boxed elementor-section-height-default elementor-section-height-default\" data-id=\"28cdb696\" data-element_type=\"section\" data-e-type=\"section\">\n\t\t\t\t\t\t<div class=\"elementor-container elementor-column-gap-default\">\n\t\t\t\t\t<div class=\"elementor-column elementor-col-100 elementor-top-column elementor-element elementor-element-15f54873\" data-id=\"15f54873\" data-element_type=\"column\" data-e-type=\"column\">\n\t\t\t<div class=\"elementor-widget-wrap elementor-element-populated\">\n\t\t\t\t\t\t<div class=\"elementor-element elementor-element-244c70ef elementor-widget elementor-widget-text-editor\" data-id=\"244c70ef\" data-element_type=\"widget\" data-e-type=\"widget\" data-widget_type=\"text-editor.default\">\n\t\t\t\t<div class=\"elementor-widget-container\">\n\t\t\t\t\t\t\t\t\t<p>Alle Informationen auf dieser Website - www.developercookies.net - werden nach bestem Wissen und Gewissen und nur zu allgemeinen Informationszwecken ver\u00f6ffentlicht. Developer Cookies Blog macht keine Garantien \u00fcber die Vollst\u00e4ndigkeit, Zuverl\u00e4ssigkeit und Genauigkeit dieser Informationen. Jede Handlung, basierend auf auf Informationen dieser Website (Developer Cookies Blog) finden, die sie vornehmen, geschieht ausschlie\u00dflich auf Ihr eigenes Risiko. Developer Cookies Blog haftet nicht f\u00fcr Verluste und\/oder Sch\u00e4den im Zusammenhang mit der Nutzung unserer Website.<\/p><p>Von unserer Website aus k\u00f6nnen sie andere Websites besuchen, indem Sie Hyperlinks zu solchen externen Websites folgen. Obwohl wir uns bem\u00fchen, nur qualitativ hochwertige Links zu n\u00fctzlichen und ethischen Websites anzubieten, haben wir keine Kontrolle \u00fcber den Inhalt und die Art dieser Websites. Diese Links zu anderen Websites stellen keine Empfehlung f\u00fcr den gesamten Inhalt dieser Sites dar. Die Eigent\u00fcmer der Websites und deren Inhalte k\u00f6nnen sich ohne Vorank\u00fcndigung \u00e4ndern und es kann vorkommen, dass wir einen Link, der m\u00f6glicherweise \"schlecht\" geworden ist, nicht die Gelegenheit hatten vorg\u00e4ngig zu entfernen.<\/p><p>Bitte beachten sie auch, dass, wenn sie unsere Website verlassen, andere Websites andere Datenschutzrichtlinien und -bedingungen haben k\u00f6nnen, die au\u00dferhalb unserer Kontrolle liegen. Bitte informieren sie sich \u00fcber die Datenschutzrichtlinien dieser Seiten sowie \u00fcber deren \"Nutzungsbedingungen\", bevor sie Gesch\u00e4fte t\u00e4tigen oder Informationen hochladen.<\/p><h2>Einverst\u00e4ndnis<\/h2><p>Durch die Nutzung unserer Website erkl\u00e4ren sie sich mit unserem Haftungsausschluss einverstanden und stimmen dessen Bedingungen zu.<\/p><h2>Aktualisierung<\/h2><p>Sollten wir dieses Dokument aktualisieren, erg\u00e4nzen oder \u00e4ndern, werden diese \u00c4nderungen an dieser Stelle deutlich sichtbar ver\u00f6ffentlicht.<\/p>\t\t\t\t\t\t\t\t<\/div>\n\t\t\t\t<\/div>\n\t\t\t\t\t<\/div>\n\t\t<\/div>\n\t\t\t\t\t<\/div>\n\t\t<\/section>\n\t\t\t\t<\/div>","protected":false},"excerpt":{"rendered":"<p>All the information on this website &#8211; www.developercookies.net &#8211; is published in good faith and for general information purpose only. Developer Cookies Blog does not make any warranties about the completeness, reliability and accuracy of this information. Any action you take upon the information you find on this website (Developer Cookies Blog), is strictly at [&hellip;]<\/p>\n","protected":false},"author":1,"featured_media":885,"parent":0,"menu_order":0,"comment_status":"closed","ping_status":"closed","template":"elementor_header_footer","meta":{"site-sidebar-layout":"no-sidebar","site-content-layout":"page-builder","ast-site-content-layout":"default","site-content-style":"default","site-sidebar-style":"default","ast-global-header-display":"","ast-banner-title-visibility":"","ast-main-header-display":"","ast-hfb-above-header-display":"","ast-hfb-below-header-display":"","ast-hfb-mobile-header-display":"","site-post-title":"","ast-breadcrumbs-content":"","ast-featured-img":"","footer-sml-layout":"","ast-disable-related-posts":"","theme-transparent-header-meta":"default","adv-header-id-meta":"","stick-header-meta":"","header-above-stick-meta":"","header-main-stick-meta":"","header-below-stick-meta":"","astra-migrate-meta-layouts":"default","ast-page-background-enabled":"default","ast-page-background-meta":{"desktop":{"background-color":"","background-image":"","background-repeat":"repeat","background-position":"center center","background-size":"auto","background-attachment":"scroll","background-type":"","background-media":"","overlay-type":"","overlay-color":"","overlay-opacity":"","overlay-gradient":""},"tablet":{"background-color":"","background-image":"","background-repeat":"repeat","background-position":"center center","background-size":"auto","background-attachment":"scroll","background-type":"","background-media":"","overlay-type":"","overlay-color":"","overlay-opacity":"","overlay-gradient":""},"mobile":{"background-color":"","background-image":"","background-repeat":"repeat","background-position":"center center","background-size":"auto","background-attachment":"scroll","background-type":"","background-media":"","overlay-type":"","overlay-color":"","overlay-opacity":"","overlay-gradient":""}},"ast-content-background-meta":{"desktop":{"background-color":"var(--ast-global-color-5)","background-image":"","background-repeat":"repeat","background-position":"center center","background-size":"auto","background-attachment":"scroll","background-type":"","background-media":"","overlay-type":"","overlay-color":"","overlay-opacity":"","overlay-gradient":""},"tablet":{"background-color":"var(--ast-global-color-5)","background-image":"","background-repeat":"repeat","background-position":"center center","background-size":"auto","background-attachment":"scroll","background-type":"","background-media":"","overlay-type":"","overlay-color":"","overlay-opacity":"","overlay-gradient":""},"mobile":{"background-color":"var(--ast-global-color-5)","background-image":"","background-repeat":"repeat","background-position":"center center","background-size":"auto","background-attachment":"scroll","background-type":"","background-media":"","overlay-type":"","overlay-color":"","overlay-opacity":"","overlay-gradient":""}},"ngg_post_thumbnail":0,"footnotes":""},"class_list":["post-864","page","type-page","status-publish","has-post-thumbnail","hentry"],"yoast_head":"<!-- This site is optimized with the Yoast SEO plugin v27.5 - https:\/\/yoast.com\/product\/yoast-seo-wordpress\/ -->\n<title>Disclaimer - Developer Cookies Blog<\/title>\n<meta name=\"robots\" content=\"index, follow, max-snippet:-1, max-image-preview:large, max-video-preview:-1\" \/>\n<link rel=\"canonical\" href=\"https:\/\/www.developercookies.net\/de\/disclaimer\/\" \/>\n<meta property=\"og:locale\" content=\"de_DE\" \/>\n<meta property=\"og:type\" content=\"article\" \/>\n<meta property=\"og:title\" content=\"Disclaimer - Developer Cookies Blog\" \/>\n<meta property=\"og:description\" content=\"All the information on this website &#8211; www.developercookies.net &#8211; is published in good faith and for general information purpose only. Developer Cookies Blog does not make any warranties about the completeness, reliability and accuracy of this information. Any action you take upon the information you find on this website (Developer Cookies Blog), is strictly at [&hellip;]\" \/>\n<meta property=\"og:url\" content=\"https:\/\/www.developercookies.net\/de\/disclaimer\/\" \/>\n<meta property=\"og:site_name\" content=\"Developer Cookies Blog\" \/>\n<meta property=\"article:modified_time\" content=\"2020-12-28T09:34:54+00:00\" \/>\n<meta property=\"og:image\" content=\"https:\/\/www.developercookies.net\/wp-content\/uploads\/2020\/12\/chainlink-690503_1920.jpg\" \/>\n\t<meta property=\"og:image:width\" content=\"1920\" \/>\n\t<meta property=\"og:image:height\" content=\"1079\" \/>\n\t<meta property=\"og:image:type\" content=\"image\/jpeg\" \/>\n<meta name=\"twitter:card\" content=\"summary_large_image\" \/>\n<meta name=\"twitter:label1\" content=\"Gesch\u00e4tzte Lesezeit\" \/>\n\t<meta name=\"twitter:data1\" content=\"1\u00a0Minute\" \/>\n<script type=\"application\/ld+json\" class=\"yoast-schema-graph\">{\"@context\":\"https:\\\/\\\/schema.org\",\"@graph\":[{\"@type\":\"WebPage\",\"@id\":\"https:\\\/\\\/www.developercookies.net\\\/disclaimer\\\/\",\"url\":\"https:\\\/\\\/www.developercookies.net\\\/disclaimer\\\/\",\"name\":\"Disclaimer - Developer Cookies Blog\",\"isPartOf\":{\"@id\":\"https:\\\/\\\/www.developercookies.net\\\/#website\"},\"primaryImageOfPage\":{\"@id\":\"https:\\\/\\\/www.developercookies.net\\\/disclaimer\\\/#primaryimage\"},\"image\":{\"@id\":\"https:\\\/\\\/www.developercookies.net\\\/disclaimer\\\/#primaryimage\"},\"thumbnailUrl\":\"https:\\\/\\\/www.developercookies.net\\\/wp-content\\\/uploads\\\/2020\\\/12\\\/chainlink-690503_1920.jpg\",\"datePublished\":\"2020-12-28T09:07:51+00:00\",\"dateModified\":\"2020-12-28T09:34:54+00:00\",\"breadcrumb\":{\"@id\":\"https:\\\/\\\/www.developercookies.net\\\/disclaimer\\\/#breadcrumb\"},\"inLanguage\":\"de\",\"potentialAction\":[{\"@type\":\"ReadAction\",\"target\":[\"https:\\\/\\\/www.developercookies.net\\\/disclaimer\\\/\"]}]},{\"@type\":\"ImageObject\",\"inLanguage\":\"de\",\"@id\":\"https:\\\/\\\/www.developercookies.net\\\/disclaimer\\\/#primaryimage\",\"url\":\"https:\\\/\\\/www.developercookies.net\\\/wp-content\\\/uploads\\\/2020\\\/12\\\/chainlink-690503_1920.jpg\",\"contentUrl\":\"https:\\\/\\\/www.developercookies.net\\\/wp-content\\\/uploads\\\/2020\\\/12\\\/chainlink-690503_1920.jpg\",\"width\":1920,\"height\":1079},{\"@type\":\"BreadcrumbList\",\"@id\":\"https:\\\/\\\/www.developercookies.net\\\/disclaimer\\\/#breadcrumb\",\"itemListElement\":[{\"@type\":\"ListItem\",\"position\":1,\"name\":\"Home\",\"item\":\"https:\\\/\\\/www.developercookies.net\\\/\"},{\"@type\":\"ListItem\",\"position\":2,\"name\":\"Disclaimer\"}]},{\"@type\":\"WebSite\",\"@id\":\"https:\\\/\\\/www.developercookies.net\\\/#website\",\"url\":\"https:\\\/\\\/www.developercookies.net\\\/\",\"name\":\"Developer Cookies Blog\",\"description\":\"Recipes and tutorials for developers\",\"publisher\":{\"@id\":\"https:\\\/\\\/www.developercookies.net\\\/#\\\/schema\\\/person\\\/3ebc9e2aff87c249f1085b36ffd91613\"},\"potentialAction\":[{\"@type\":\"SearchAction\",\"target\":{\"@type\":\"EntryPoint\",\"urlTemplate\":\"https:\\\/\\\/www.developercookies.net\\\/?s={search_term_string}\"},\"query-input\":{\"@type\":\"PropertyValueSpecification\",\"valueRequired\":true,\"valueName\":\"search_term_string\"}}],\"inLanguage\":\"de\"},{\"@type\":[\"Person\",\"Organization\"],\"@id\":\"https:\\\/\\\/www.developercookies.net\\\/#\\\/schema\\\/person\\\/3ebc9e2aff87c249f1085b36ffd91613\",\"name\":\"Peter\",\"image\":{\"@type\":\"ImageObject\",\"inLanguage\":\"de\",\"@id\":\"https:\\\/\\\/secure.gravatar.com\\\/avatar\\\/8eec59bcecb6c1083084fcd3d11551d8c4451902fb594f87782fbda27fe8bd08?s=96&d=mm&r=g\",\"url\":\"https:\\\/\\\/secure.gravatar.com\\\/avatar\\\/8eec59bcecb6c1083084fcd3d11551d8c4451902fb594f87782fbda27fe8bd08?s=96&d=mm&r=g\",\"contentUrl\":\"https:\\\/\\\/secure.gravatar.com\\\/avatar\\\/8eec59bcecb6c1083084fcd3d11551d8c4451902fb594f87782fbda27fe8bd08?s=96&d=mm&r=g\",\"caption\":\"Peter\"},\"logo\":{\"@id\":\"https:\\\/\\\/secure.gravatar.com\\\/avatar\\\/8eec59bcecb6c1083084fcd3d11551d8c4451902fb594f87782fbda27fe8bd08?s=96&d=mm&r=g\"}}]}<\/script>\n<!-- \/ Yoast SEO plugin. -->","yoast_head_json":{"title":"Disclaimer - Developer Cookies Blog","robots":{"index":"index","follow":"follow","max-snippet":"max-snippet:-1","max-image-preview":"max-image-preview:large","max-video-preview":"max-video-preview:-1"},"canonical":"https:\/\/www.developercookies.net\/de\/disclaimer\/","og_locale":"de_DE","og_type":"article","og_title":"Disclaimer - Developer Cookies Blog","og_description":"All the information on this website &#8211; www.developercookies.net &#8211; is published in good faith and for general information purpose only. Developer Cookies Blog does not make any warranties about the completeness, reliability and accuracy of this information. Any action you take upon the information you find on this website (Developer Cookies Blog), is strictly at [&hellip;]","og_url":"https:\/\/www.developercookies.net\/de\/disclaimer\/","og_site_name":"Developer Cookies Blog","article_modified_time":"2020-12-28T09:34:54+00:00","og_image":[{"width":1920,"height":1079,"url":"https:\/\/www.developercookies.net\/wp-content\/uploads\/2020\/12\/chainlink-690503_1920.jpg","type":"image\/jpeg"}],"twitter_card":"summary_large_image","twitter_misc":{"Gesch\u00e4tzte Lesezeit":"1\u00a0Minute"},"schema":{"@context":"https:\/\/schema.org","@graph":[{"@type":"WebPage","@id":"https:\/\/www.developercookies.net\/disclaimer\/","url":"https:\/\/www.developercookies.net\/disclaimer\/","name":"Disclaimer - Developer Cookies Blog","isPartOf":{"@id":"https:\/\/www.developercookies.net\/#website"},"primaryImageOfPage":{"@id":"https:\/\/www.developercookies.net\/disclaimer\/#primaryimage"},"image":{"@id":"https:\/\/www.developercookies.net\/disclaimer\/#primaryimage"},"thumbnailUrl":"https:\/\/www.developercookies.net\/wp-content\/uploads\/2020\/12\/chainlink-690503_1920.jpg","datePublished":"2020-12-28T09:07:51+00:00","dateModified":"2020-12-28T09:34:54+00:00","breadcrumb":{"@id":"https:\/\/www.developercookies.net\/disclaimer\/#breadcrumb"},"inLanguage":"de","potentialAction":[{"@type":"ReadAction","target":["https:\/\/www.developercookies.net\/disclaimer\/"]}]},{"@type":"ImageObject","inLanguage":"de","@id":"https:\/\/www.developercookies.net\/disclaimer\/#primaryimage","url":"https:\/\/www.developercookies.net\/wp-content\/uploads\/2020\/12\/chainlink-690503_1920.jpg","contentUrl":"https:\/\/www.developercookies.net\/wp-content\/uploads\/2020\/12\/chainlink-690503_1920.jpg","width":1920,"height":1079},{"@type":"BreadcrumbList","@id":"https:\/\/www.developercookies.net\/disclaimer\/#breadcrumb","itemListElement":[{"@type":"ListItem","position":1,"name":"Home","item":"https:\/\/www.developercookies.net\/"},{"@type":"ListItem","position":2,"name":"Disclaimer"}]},{"@type":"WebSite","@id":"https:\/\/www.developercookies.net\/#website","url":"https:\/\/www.developercookies.net\/","name":"Developer Cookies Blog","description":"Recipes and tutorials for developers","publisher":{"@id":"https:\/\/www.developercookies.net\/#\/schema\/person\/3ebc9e2aff87c249f1085b36ffd91613"},"potentialAction":[{"@type":"SearchAction","target":{"@type":"EntryPoint","urlTemplate":"https:\/\/www.developercookies.net\/?s={search_term_string}"},"query-input":{"@type":"PropertyValueSpecification","valueRequired":true,"valueName":"search_term_string"}}],"inLanguage":"de"},{"@type":["Person","Organization"],"@id":"https:\/\/www.developercookies.net\/#\/schema\/person\/3ebc9e2aff87c249f1085b36ffd91613","name":"Peter","image":{"@type":"ImageObject","inLanguage":"de","@id":"https:\/\/secure.gravatar.com\/avatar\/8eec59bcecb6c1083084fcd3d11551d8c4451902fb594f87782fbda27fe8bd08?s=96&d=mm&r=g","url":"https:\/\/secure.gravatar.com\/avatar\/8eec59bcecb6c1083084fcd3d11551d8c4451902fb594f87782fbda27fe8bd08?s=96&d=mm&r=g","contentUrl":"https:\/\/secure.gravatar.com\/avatar\/8eec59bcecb6c1083084fcd3d11551d8c4451902fb594f87782fbda27fe8bd08?s=96&d=mm&r=g","caption":"Peter"},"logo":{"@id":"https:\/\/secure.gravatar.com\/avatar\/8eec59bcecb6c1083084fcd3d11551d8c4451902fb594f87782fbda27fe8bd08?s=96&d=mm&r=g"}}]}},"_links":{"self":[{"href":"https:\/\/www.developercookies.net\/de\/wp-json\/wp\/v2\/pages\/864","targetHints":{"allow":["GET"]}}],"collection":[{"href":"https:\/\/www.developercookies.net\/de\/wp-json\/wp\/v2\/pages"}],"about":[{"href":"https:\/\/www.developercookies.net\/de\/wp-json\/wp\/v2\/types\/page"}],"author":[{"embeddable":true,"href":"https:\/\/www.developercookies.net\/de\/wp-json\/wp\/v2\/users\/1"}],"replies":[{"embeddable":true,"href":"https:\/\/www.developercookies.net\/de\/wp-json\/wp\/v2\/comments?post=864"}],"version-history":[{"count":8,"href":"https:\/\/www.developercookies.net\/de\/wp-json\/wp\/v2\/pages\/864\/revisions"}],"predecessor-version":[{"id":886,"href":"https:\/\/www.developercookies.net\/de\/wp-json\/wp\/v2\/pages\/864\/revisions\/886"}],"wp:featuredmedia":[{"embeddable":true,"href":"https:\/\/www.developercookies.net\/de\/wp-json\/wp\/v2\/media\/885"}],"wp:attachment":[{"href":"https:\/\/www.developercookies.net\/de\/wp-json\/wp\/v2\/media?parent=864"}],"curies":[{"name":"wp","href":"https:\/\/api.w.org\/{rel}","templated":true}]}}